{"id":6857,"date":"2023-12-05T16:10:39","date_gmt":"2023-12-05T16:10:39","guid":{"rendered":"https:\/\/moneyexchange.fr\/politica-de-cookies\/"},"modified":"2023-12-07T11:21:47","modified_gmt":"2023-12-07T11:21:47","slug":"politica-de-cookies","status":"publish","type":"page","link":"https:\/\/moneyexchange.fr\/pt-pt\/politica-de-cookies\/","title":{"rendered":"Pol\u00edtica de cookies"},"content":{"rendered":"<div class=\"fusion-fullwidth fullwidth-box fusion-builder-row-1 fusion-flex-container has-pattern-background has-mask-background nonhundred-percent-fullwidth non-hundred-percent-height-scrolling\" style=\"--awb-border-radius-top-left:0px;--awb-border-radius-top-right:0px;--awb-border-radius-bottom-right:0px;--awb-border-radius-bottom-left:0px;--awb-flex-wrap:wrap;\" ><div class=\"fusion-builder-row fusion-row fusion-flex-align-items-flex-start fusion-flex-content-wrap\" style=\"max-width:1248px;margin-left: calc(-4% \/ 2 );margin-right: calc(-4% \/ 2 );\"><div class=\"fusion-layout-column fusion_builder_column fusion-builder-column-0 fusion_builder_column_1_1 1_1 fusion-flex-column\" style=\"--awb-bg-size:cover;--awb-width-large:100%;--awb-margin-top-large:0px;--awb-spacing-right-large:1.92%;--awb-margin-bottom-large:20px;--awb-spacing-left-large:1.92%;--awb-width-medium:100%;--awb-order-medium:0;--awb-spacing-right-medium:1.92%;--awb-spacing-left-medium:1.92%;--awb-width-small:100%;--awb-order-small:0;--awb-spacing-right-small:1.92%;--awb-spacing-left-small:1.92%;\"><div class=\"fusion-column-wrapper fusion-column-has-shadow fusion-flex-justify-content-flex-start fusion-content-layout-column\"><div class=\"fusion-text fusion-text-1\"><div class=\"fusion-title title fusion-title-11 fusion-sep-none fusion-title-text fusion-title-size-one\">\n<h1 class=\"fusion-title-heading title-heading-left fusion-responsive-typography-calculated\">Pol\u00edtica de cookies<\/h1>\n<\/div>\n<div class=\"fusion-text fusion-text-10\">\n<p>&nbsp;<\/p>\n<p>Um cookie \u00e9 um ficheiro que \u00e9 descarregado para o seu computador quando acede a determinadas p\u00e1ginas Web. Os cookies permitem a um s\u00edtio Web, entre outras coisas, armazenar e recuperar informa\u00e7\u00f5es sobre os h\u00e1bitos de navega\u00e7\u00e3o de um Utilizador ou do seu equipamento e, em fun\u00e7\u00e3o das informa\u00e7\u00f5es que cont\u00eam e da forma como o seu equipamento \u00e9 utilizado, podem ser utilizados para reconhecer o Utilizador.<\/p>\n<p>No entanto, estes meios apenas obt\u00eam informa\u00e7\u00f5es relacionadas com o n\u00famero de p\u00e1ginas visitadas, a cidade a que pertence o endere\u00e7o IP a partir do qual \u00e9 feito o acesso, o n\u00famero de novos Utilizadores, a frequ\u00eancia e recorr\u00eancia das visitas, a hora da visita, o browser ou o operador ou tipo de terminal a partir do qual a visita \u00e9 feita. Em caso algum s\u00e3o obtidos dados sobre o nome, apelido ou endere\u00e7o postal a partir do qual o Utilizador se ligou.<\/p>\n<p>Este s\u00edtio Web utiliza cookies t\u00e9cnicos e de personaliza\u00e7\u00e3o da interface do utilizador, que est\u00e3o isentos do \u00e2mbito de aplica\u00e7\u00e3o da LSSI, pelo que n\u00e3o \u00e9 necess\u00e1rio obter o consentimento para a sua utiliza\u00e7\u00e3o.<\/p>\n<p>Especificamente, os cookies utilizados neste s\u00edtio Web s\u00e3o os seguintes:<\/p>\n<p>&#8211; <strong>_icl_current_language<\/strong> (moneyexchange): cookie de personaliza\u00e7\u00e3o da interface do utilizador. Este cookie expira 24 horas ap\u00f3s a \u00faltima atualiza\u00e7\u00e3o e \u00e9 utilizado para gerir as l\u00ednguas utilizadas no s\u00edtio Web.<\/p>\n<p>&#8211; <strong>viewed_cookie_policy<\/strong> (moneyexchange): cookie t\u00e9cnico. Este cookie expira um ano ap\u00f3s a \u00faltima atualiza\u00e7\u00e3o. Este cookie gere o consentimento do Utilizador para a utiliza\u00e7\u00e3o de cookies no s\u00edtio Web, a fim de evitar o inc\u00f3modo excessivo que pode ser causado pela apresenta\u00e7\u00e3o repetida de informa\u00e7\u00f5es sobre a pol\u00edtica de cookies \u00e0queles que a aceitaram.<\/p>\n<p>Os cookies podem ser autorizados, bloqueados ou eliminados no seu computador, configurando as op\u00e7\u00f5es do seu browser. As informa\u00e7\u00f5es sobre como fazer isso, em rela\u00e7\u00e3o aos navegadores mais comuns, podem ser encontradas nos links abaixo:<\/p>\n<p><strong>Explorador:<\/strong> <a href=\"http:\/\/windows.microsoft.com\/es-es\/windows7\/how-to-manage-cookies-in-internet-explorer-9\" target=\"_blank\" rel=\"noopener\">http:\/\/windows.microsoft.com\/es-es\/windows7\/how-to-manage-cookies-in-internet-explorer-9<\/a><br \/>\n<strong>Firefox:<\/strong> <a href=\"https:\/\/support.mozilla.org\/es\/kb\/habilitar-y-deshabilitar-cookies-que-los-sitios-we\" target=\"_blank\" rel=\"noopener\">https:\/\/support.mozilla.org\/es\/kb\/habilitar-y-deshabilitar-cookies-que-los-sitios-we<\/a><br \/>\n<strong>Chrome:<\/strong> <a href=\"https:\/\/support.google.com\/chrome\/bin\/answer.py?hl=es&amp;answer=95647\" target=\"_blank\" rel=\"noopener\">http:\/\/support.google.com\/chrome\/bin\/answer.py?hl=es&amp;answer=95647<\/a><br \/>\n<strong>Safari:<\/strong> <a href=\"http:\/\/support.apple.com\/kb\/ph5042\" target=\"_blank\" rel=\"noopener\">http:\/\/support.apple.com\/kb\/ph5042<\/a><\/p>\n<p>Informamos, no entanto, que a desativa\u00e7\u00e3o de um cookie pode impedir ou dificultar a navega\u00e7\u00e3o ou a presta\u00e7\u00e3o dos servi\u00e7os oferecidos no s\u00edtio Web.<\/p>\n<\/div>\n<\/div><\/div><\/div><\/div><\/div>\n","protected":false},"excerpt":{"rendered":"","protected":false},"author":1,"featured_media":0,"parent":0,"menu_order":0,"comment_status":"closed","ping_status":"closed","template":"100-width.php","meta":{"footnotes":""},"class_list":["post-6857","page","type-page","status-publish","hentry"],"yoast_head":"<!-- This site is optimized with the Yoast SEO plugin v25.1 - https:\/\/yoast.com\/wordpress\/plugins\/seo\/ -->\n<title>Pol\u00edtica de cookies - Money Exchange Francia<\/title>\n<meta name=\"robots\" content=\"index, follow, max-snippet:-1, max-image-preview:large, max-video-preview:-1\" \/>\n<link rel=\"canonical\" href=\"https:\/\/moneyexchange.fr\/pt-pt\/politica-de-cookies\/\" \/>\n<meta property=\"og:locale\" content=\"pt_PT\" \/>\n<meta property=\"og:type\" content=\"article\" \/>\n<meta property=\"og:title\" content=\"Pol\u00edtica de cookies - Money Exchange Francia\" \/>\n<meta property=\"og:url\" content=\"https:\/\/moneyexchange.fr\/pt-pt\/politica-de-cookies\/\" \/>\n<meta property=\"og:site_name\" content=\"Money Exchange Francia\" \/>\n<meta property=\"article:modified_time\" content=\"2023-12-07T11:21:47+00:00\" \/>\n<meta name=\"twitter:card\" content=\"summary_large_image\" \/>\n<meta name=\"twitter:label1\" content=\"Tempo estimado de leitura\" \/>\n\t<meta name=\"twitter:data1\" content=\"5 minutos\" \/>\n<script type=\"application\/ld+json\" class=\"yoast-schema-graph\">{\"@context\":\"https:\/\/schema.org\",\"@graph\":[{\"@type\":\"WebPage\",\"@id\":\"https:\/\/moneyexchange.fr\/pt-pt\/politica-de-cookies\/\",\"url\":\"https:\/\/moneyexchange.fr\/pt-pt\/politica-de-cookies\/\",\"name\":\"Pol\u00edtica de cookies - Money Exchange Francia\",\"isPartOf\":{\"@id\":\"https:\/\/moneyexchange.fr\/pt-pt\/#website\"},\"datePublished\":\"2023-12-05T16:10:39+00:00\",\"dateModified\":\"2023-12-07T11:21:47+00:00\",\"breadcrumb\":{\"@id\":\"https:\/\/moneyexchange.fr\/pt-pt\/politica-de-cookies\/#breadcrumb\"},\"inLanguage\":\"pt-PT\",\"potentialAction\":[{\"@type\":\"ReadAction\",\"target\":[\"https:\/\/moneyexchange.fr\/pt-pt\/politica-de-cookies\/\"]}]},{\"@type\":\"BreadcrumbList\",\"@id\":\"https:\/\/moneyexchange.fr\/pt-pt\/politica-de-cookies\/#breadcrumb\",\"itemListElement\":[{\"@type\":\"ListItem\",\"position\":1,\"name\":\"Portada\",\"item\":\"https:\/\/moneyexchange.fr\/pt-pt\/\"},{\"@type\":\"ListItem\",\"position\":2,\"name\":\"Pol\u00edtica de cookies\"}]},{\"@type\":\"WebSite\",\"@id\":\"https:\/\/moneyexchange.fr\/pt-pt\/#website\",\"url\":\"https:\/\/moneyexchange.fr\/pt-pt\/\",\"name\":\"Money Exchange Francia\",\"description\":\"Env\u00edos y remesas de transferencias internacionales a todo el mundo\",\"potentialAction\":[{\"@type\":\"SearchAction\",\"target\":{\"@type\":\"EntryPoint\",\"urlTemplate\":\"https:\/\/moneyexchange.fr\/pt-pt\/?s={search_term_string}\"},\"query-input\":{\"@type\":\"PropertyValueSpecification\",\"valueRequired\":true,\"valueName\":\"search_term_string\"}}],\"inLanguage\":\"pt-PT\"}]}<\/script>\n<!-- \/ Yoast SEO plugin. -->","yoast_head_json":{"title":"Pol\u00edtica de cookies - Money Exchange Francia","robots":{"index":"index","follow":"follow","max-snippet":"max-snippet:-1","max-image-preview":"max-image-preview:large","max-video-preview":"max-video-preview:-1"},"canonical":"https:\/\/moneyexchange.fr\/pt-pt\/politica-de-cookies\/","og_locale":"pt_PT","og_type":"article","og_title":"Pol\u00edtica de cookies - Money Exchange Francia","og_url":"https:\/\/moneyexchange.fr\/pt-pt\/politica-de-cookies\/","og_site_name":"Money Exchange Francia","article_modified_time":"2023-12-07T11:21:47+00:00","twitter_card":"summary_large_image","twitter_misc":{"Tempo estimado de leitura":"5 minutos"},"schema":{"@context":"https:\/\/schema.org","@graph":[{"@type":"WebPage","@id":"https:\/\/moneyexchange.fr\/pt-pt\/politica-de-cookies\/","url":"https:\/\/moneyexchange.fr\/pt-pt\/politica-de-cookies\/","name":"Pol\u00edtica de cookies - Money Exchange Francia","isPartOf":{"@id":"https:\/\/moneyexchange.fr\/pt-pt\/#website"},"datePublished":"2023-12-05T16:10:39+00:00","dateModified":"2023-12-07T11:21:47+00:00","breadcrumb":{"@id":"https:\/\/moneyexchange.fr\/pt-pt\/politica-de-cookies\/#breadcrumb"},"inLanguage":"pt-PT","potentialAction":[{"@type":"ReadAction","target":["https:\/\/moneyexchange.fr\/pt-pt\/politica-de-cookies\/"]}]},{"@type":"BreadcrumbList","@id":"https:\/\/moneyexchange.fr\/pt-pt\/politica-de-cookies\/#breadcrumb","itemListElement":[{"@type":"ListItem","position":1,"name":"Portada","item":"https:\/\/moneyexchange.fr\/pt-pt\/"},{"@type":"ListItem","position":2,"name":"Pol\u00edtica de cookies"}]},{"@type":"WebSite","@id":"https:\/\/moneyexchange.fr\/pt-pt\/#website","url":"https:\/\/moneyexchange.fr\/pt-pt\/","name":"Money Exchange Francia","description":"Env\u00edos y remesas de transferencias internacionales a todo el mundo","potentialAction":[{"@type":"SearchAction","target":{"@type":"EntryPoint","urlTemplate":"https:\/\/moneyexchange.fr\/pt-pt\/?s={search_term_string}"},"query-input":{"@type":"PropertyValueSpecification","valueRequired":true,"valueName":"search_term_string"}}],"inLanguage":"pt-PT"}]}},"jetpack_sharing_enabled":true,"_links":{"self":[{"href":"https:\/\/moneyexchange.fr\/pt-pt\/wp-json\/wp\/v2\/pages\/6857","targetHints":{"allow":["GET"]}}],"collection":[{"href":"https:\/\/moneyexchange.fr\/pt-pt\/wp-json\/wp\/v2\/pages"}],"about":[{"href":"https:\/\/moneyexchange.fr\/pt-pt\/wp-json\/wp\/v2\/types\/page"}],"author":[{"embeddable":true,"href":"https:\/\/moneyexchange.fr\/pt-pt\/wp-json\/wp\/v2\/users\/1"}],"replies":[{"embeddable":true,"href":"https:\/\/moneyexchange.fr\/pt-pt\/wp-json\/wp\/v2\/comments?post=6857"}],"version-history":[{"count":0,"href":"https:\/\/moneyexchange.fr\/pt-pt\/wp-json\/wp\/v2\/pages\/6857\/revisions"}],"wp:attachment":[{"href":"https:\/\/moneyexchange.fr\/pt-pt\/wp-json\/wp\/v2\/media?parent=6857"}],"curies":[{"name":"wp","href":"https:\/\/api.w.org\/{rel}","templated":true}]}}