{"id":6845,"date":"2023-12-05T16:04:06","date_gmt":"2023-12-05T16:04:06","guid":{"rendered":"https:\/\/moneyexchange.fr\/aviso-legal\/"},"modified":"2023-12-07T11:18:51","modified_gmt":"2023-12-07T11:18:51","slug":"aviso-legal","status":"publish","type":"page","link":"https:\/\/moneyexchange.fr\/pt-pt\/aviso-legal\/","title":{"rendered":"Aviso legal"},"content":{"rendered":"<div class=\"fusion-fullwidth fullwidth-box fusion-builder-row-1 fusion-flex-container has-pattern-background has-mask-background nonhundred-percent-fullwidth non-hundred-percent-height-scrolling\" style=\"--awb-border-radius-top-left:0px;--awb-border-radius-top-right:0px;--awb-border-radius-bottom-right:0px;--awb-border-radius-bottom-left:0px;--awb-flex-wrap:wrap;\" ><div class=\"fusion-builder-row fusion-row fusion-flex-align-items-flex-start fusion-flex-content-wrap\" style=\"max-width:1248px;margin-left: calc(-4% \/ 2 );margin-right: calc(-4% \/ 2 );\"><div class=\"fusion-layout-column fusion_builder_column fusion-builder-column-0 fusion_builder_column_1_1 1_1 fusion-flex-column\" style=\"--awb-bg-size:cover;--awb-width-large:100%;--awb-margin-top-large:0px;--awb-spacing-right-large:1.92%;--awb-margin-bottom-large:20px;--awb-spacing-left-large:1.92%;--awb-width-medium:100%;--awb-order-medium:0;--awb-spacing-right-medium:1.92%;--awb-spacing-left-medium:1.92%;--awb-width-small:100%;--awb-order-small:0;--awb-spacing-right-small:1.92%;--awb-spacing-left-small:1.92%;\"><div class=\"fusion-column-wrapper fusion-column-has-shadow fusion-flex-justify-content-flex-start fusion-content-layout-column\"><div class=\"fusion-text fusion-text-1\"><p><h2 class=\"wp-block-heading\" style=\"--fontsize: 54; line-height: 1.14;\" data-fontsize=\"54\" data-lineheight=\"61.56px\">Quem somos<\/h2>\n<\/p>\n<p><p style=\"font-size: 16px;\" data-fusion-font=\"true\">Este site \u00e9 propriedade da Money Exchange France (a seguir designada por MONEY EXCHANGE).<\/p>\n<p style=\"font-size: 16px;\" data-fusion-font=\"true\">&#8211; Inscrita na Conservat\u00f3ria do Registo Comercial e das Sociedades de Paris<\/p>\n<p style=\"font-size: 16px;\" data-fusion-font=\"true\">&#8211; Sede social: <\/p>\n<p style=\"font-size: 16px;\" data-fusion-font=\"true\">&#8211; Endere\u00e7o de correio eletr\u00f3nico: <\/p>\n<p style=\"font-size: 16px;\" data-fusion-font=\"true\">&#8211; Telefone: <\/p>\n<p style=\"font-size: 16px;\" data-fusion-font=\"true\">&#8211; A Money Exchange France \u00e9 uma institui\u00e7\u00e3o de pagamento registada em <\/p>\n<p style=\"font-size: 16px;\" data-fusion-font=\"true\"><span style=\"color: var(--h2_typography-color); font-family: var(--h2_typography-font-family); font-size: var(--h2_typography-font-size); font-style: var(--h2_typography-font-style,normal); font-weight: var(--h2_typography-font-weight); letter-spacing: var(--h2_typography-letter-spacing); text-transform: var(--h2_typography-text-transform); text-align: var(--awb-content-alignment); background-color: var(--awb-bg-color-hover);\">Aviso legal<\/span><\/p>\n<\/p>\n<p><p>1.- A utiliza\u00e7\u00e3o deste s\u00edtio Web atribui a condi\u00e7\u00e3o de Utilizador \u00e0 pessoa que o faz e implica a aceita\u00e7\u00e3o de todas as condi\u00e7\u00f5es inclu\u00eddas no presente Aviso Legal. O Utilizador deve ler estas condi\u00e7\u00f5es sempre que aceder a este s\u00edtio Web, uma vez que podem ser alteradas no futuro. Alguns aspectos deste s\u00edtio Web, devido \u00e0 sua especialidade, podem estar sujeitos a condi\u00e7\u00f5es ou regras particulares que podem substituir, completar ou modificar o presente Aviso Legal, devendo, por conseguinte, ser igualmente aceites pelo Utilizador que os utiliza ou acede.<\/p>\n<p>2.- Todos os conte\u00fados deste website (textos, fotografias, gr\u00e1ficos, imagens, tecnologia, software, links, conte\u00fados audiovisuais ou sonoros, design gr\u00e1fico, c\u00f3digo fonte, etc.), bem como as marcas e outros sinais distintivos s\u00e3o propriedade de MONEY EXCHANGE ou de terceiros, n\u00e3o adquirindo o utilizador qualquer direito sobre os mesmos pela simples utiliza\u00e7\u00e3o deste website.<\/p>\n<p>O Utilizador deve abster-se de: a) reproduzir, copiar, distribuir, colocar \u00e0 disposi\u00e7\u00e3o de terceiros, comunicar publicamente, transformar ou modificar os conte\u00fados deste site, exceto nos casos previstos na lei ou expressamente autorizados por MONEY EXCHANGE ou pelo titular dos referidos direitos; b) reproduzir ou copiar para uso privado os programas inform\u00e1ticos, as imagens, os v\u00eddeos ou as bases de dados deste s\u00edtio Web, bem como comunic\u00e1-los publicamente ou coloc\u00e1-los \u00e0 disposi\u00e7\u00e3o de terceiros quando tal implique a sua reprodu\u00e7\u00e3o; c) extrair ou reutilizar o conte\u00fado deste s\u00edtio Web.<\/p>\n<p>3.- Os utilizadores que pretendam introduzir liga\u00e7\u00f5es a este s\u00edtio Web a partir das suas pr\u00f3prias p\u00e1ginas Web s\u00e3o obrigados a respeitar as seguintes condi\u00e7\u00f5es: (a) A hiperliga\u00e7\u00e3o s\u00f3 pode remeter para a p\u00e1gina inicial e n\u00e3o pode reproduzi-la sob qualquer forma; b) n\u00e3o poder\u00e3o ser estabelecidas molduras ou frames de qualquer tipo que rodeiem a Web ou permitam a sua visualiza\u00e7\u00e3o atrav\u00e9s de diferentes endere\u00e7os de Internet ou juntamente com conte\u00fados alheios a esta Web, de forma que produza ou possa produzir erro ou confus\u00e3o nos utilizadores sobre a origem do servi\u00e7o ou do seu conte\u00fado, implique um ato de compara\u00e7\u00e3o ou imita\u00e7\u00e3o desleal, sirva para tirar partido da reputa\u00e7\u00e3o, marca e prest\u00edgio de MONEY EXCHANGE ou seja feito de qualquer outra forma proibida por lei; c) n\u00e3o podem ser feitas declara\u00e7\u00f5es falsas ou inexactas de qualquer tipo sobre MONEY EXCHANGE ou sobre a qualidade dos seus produtos e servi\u00e7os a partir da p\u00e1gina que estabelece a liga\u00e7\u00e3o; d) O remetente n\u00e3o pode utilizar a marca registada de MONEY EXCHANGE ou qualquer outro sinal distintivo na sua p\u00e1gina web, exceto nos casos autorizados por lei ou expressamente permitidos por MONEY EXCHANGE; e) a p\u00e1gina que estabelece a liga\u00e7\u00e3o deve cumprir a legisla\u00e7\u00e3o em vigor e n\u00e3o pode ter ou ligar a conte\u00fados il\u00edcitos, nocivos, contr\u00e1rios \u00e0 moral e aos bons costumes, que produzam ou possam produzir a falsa ideia de que MONEY EXCHANGE subscreve ou apoia as ideias, afirma\u00e7\u00f5es ou ac\u00e7\u00f5es do remetente ou que sejam inadequados em rela\u00e7\u00e3o \u00e0 atividade desenvolvida por MONEY EXCHANGE, tendo em conta o conte\u00fado e a tem\u00e1tica geral da p\u00e1gina web onde se estabelece a liga\u00e7\u00e3o.<\/p>\n<p>MONEY EXCHANGE n\u00e3o \u00e9 respons\u00e1vel pela verifica\u00e7\u00e3o da inexist\u00eancia de programas maliciosos ou de qualquer outro elemento inform\u00e1tico nocivo neste s\u00edtio Web. Cabe ao utilizador, em qualquer caso, dispor de ferramentas adequadas para a dete\u00e7\u00e3o e desinfe\u00e7\u00e3o destes elementos. Por conseguinte, a MONEY EXCHANGE n\u00e3o \u00e9 respons\u00e1vel por quaisquer danos causados ao equipamento inform\u00e1tico durante o acesso a este s\u00edtio Web. Da mesma forma, MONEY EXCHANGE n\u00e3o ser\u00e1 respons\u00e1vel por quaisquer danos causados aos utilizadores quando tais danos forem causados por falhas ou desconex\u00f5es nas redes de telecomunica\u00e7\u00f5es que interrompam o servi\u00e7o deste s\u00edtio Web.<\/p>\n<p>5.- Este s\u00edtio Web pode incluir liga\u00e7\u00f5es que permitem ao utilizador aceder a outras p\u00e1ginas da Internet. Nestes casos, MONEY EXCHANGE s\u00f3 ser\u00e1 respons\u00e1vel pelos conte\u00fados e servi\u00e7os fornecidos atrav\u00e9s dos links a partir do momento em que tenha conhecimento da sua ilegalidade e n\u00e3o os tenha desativado diligentemente. Se um Utilizador considerar que existe uma hiperliga\u00e7\u00e3o com conte\u00fado ilegal ou inapropriado, pode informar a MONEY EXCHANGE, sem que isso implique que a MONEY EXCHANGE seja obrigada a remover a hiperliga\u00e7\u00e3o correspondente. MONEY EXCHANGE nem sempre tem conhecimento dos conte\u00fados e servi\u00e7os dos links e, portanto, n\u00e3o pode ser responsabilizada por quaisquer danos decorrentes da sua falta de qualidade, desatualiza\u00e7\u00e3o, indisponibilidade, erro, inutilidade ou ilegalidade, n\u00e3o sendo respons\u00e1vel pelas declara\u00e7\u00f5es feitas ou pelos conte\u00fados ou servi\u00e7os prestados atrav\u00e9s dos mesmos, salvo se for diretamente respons\u00e1vel pela presta\u00e7\u00e3o desses servi\u00e7os.<\/p>\n<p>6.- O Utilizador compromete-se a fazer uma utiliza\u00e7\u00e3o correcta deste S\u00edtio Web, em conformidade com a Lei, com o presente Aviso Legal e com as restantes condi\u00e7\u00f5es, regulamentos e instru\u00e7\u00f5es que, se for caso disso, possam ser aplic\u00e1veis. O Utilizador ser\u00e1 respons\u00e1vel perante MONEY EXCHANGE e perante terceiros por quaisquer danos que possam ser causados pelo n\u00e3o cumprimento destas obriga\u00e7\u00f5es.<\/p>\n<p>7.- O presente aviso legal rege-se integralmente pelo direito alem\u00e3o. Para a resolu\u00e7\u00e3o de qualquer lit\u00edgio relativo \u00e0 interpreta\u00e7\u00e3o ou aplica\u00e7\u00e3o do presente Aviso Legal, o Utilizador submete-se expressamente \u00e0 jurisdi\u00e7\u00e3o dos tribunais de &#8212;.<\/p><\/p>\n<\/div><\/div><\/div><\/div><\/div>\n","protected":false},"excerpt":{"rendered":"","protected":false},"author":1,"featured_media":0,"parent":0,"menu_order":0,"comment_status":"closed","ping_status":"closed","template":"100-width.php","meta":{"footnotes":""},"class_list":["post-6845","page","type-page","status-publish","hentry"],"yoast_head":"<!-- This site is optimized with the Yoast SEO plugin v25.1 - https:\/\/yoast.com\/wordpress\/plugins\/seo\/ -->\n<title>Aviso legal - Money Exchange Francia<\/title>\n<meta name=\"robots\" content=\"index, follow, max-snippet:-1, max-image-preview:large, max-video-preview:-1\" \/>\n<link rel=\"canonical\" href=\"https:\/\/moneyexchange.fr\/pt-pt\/aviso-legal\/\" \/>\n<meta property=\"og:locale\" content=\"pt_PT\" \/>\n<meta property=\"og:type\" content=\"article\" \/>\n<meta property=\"og:title\" content=\"Aviso legal - Money Exchange Francia\" \/>\n<meta property=\"og:url\" content=\"https:\/\/moneyexchange.fr\/pt-pt\/aviso-legal\/\" \/>\n<meta property=\"og:site_name\" content=\"Money Exchange Francia\" \/>\n<meta property=\"article:modified_time\" content=\"2023-12-07T11:18:51+00:00\" \/>\n<meta name=\"twitter:card\" content=\"summary_large_image\" \/>\n<meta name=\"twitter:label1\" content=\"Tempo estimado de leitura\" \/>\n\t<meta name=\"twitter:data1\" content=\"7 minutos\" \/>\n<script type=\"application\/ld+json\" class=\"yoast-schema-graph\">{\"@context\":\"https:\/\/schema.org\",\"@graph\":[{\"@type\":\"WebPage\",\"@id\":\"https:\/\/moneyexchange.fr\/pt-pt\/aviso-legal\/\",\"url\":\"https:\/\/moneyexchange.fr\/pt-pt\/aviso-legal\/\",\"name\":\"Aviso legal - Money Exchange Francia\",\"isPartOf\":{\"@id\":\"https:\/\/moneyexchange.fr\/pt-pt\/#website\"},\"datePublished\":\"2023-12-05T16:04:06+00:00\",\"dateModified\":\"2023-12-07T11:18:51+00:00\",\"breadcrumb\":{\"@id\":\"https:\/\/moneyexchange.fr\/pt-pt\/aviso-legal\/#breadcrumb\"},\"inLanguage\":\"pt-PT\",\"potentialAction\":[{\"@type\":\"ReadAction\",\"target\":[\"https:\/\/moneyexchange.fr\/pt-pt\/aviso-legal\/\"]}]},{\"@type\":\"BreadcrumbList\",\"@id\":\"https:\/\/moneyexchange.fr\/pt-pt\/aviso-legal\/#breadcrumb\",\"itemListElement\":[{\"@type\":\"ListItem\",\"position\":1,\"name\":\"Portada\",\"item\":\"https:\/\/moneyexchange.fr\/pt-pt\/\"},{\"@type\":\"ListItem\",\"position\":2,\"name\":\"Aviso legal\"}]},{\"@type\":\"WebSite\",\"@id\":\"https:\/\/moneyexchange.fr\/pt-pt\/#website\",\"url\":\"https:\/\/moneyexchange.fr\/pt-pt\/\",\"name\":\"Money Exchange Francia\",\"description\":\"Env\u00edos y remesas de transferencias internacionales a todo el mundo\",\"potentialAction\":[{\"@type\":\"SearchAction\",\"target\":{\"@type\":\"EntryPoint\",\"urlTemplate\":\"https:\/\/moneyexchange.fr\/pt-pt\/?s={search_term_string}\"},\"query-input\":{\"@type\":\"PropertyValueSpecification\",\"valueRequired\":true,\"valueName\":\"search_term_string\"}}],\"inLanguage\":\"pt-PT\"}]}<\/script>\n<!-- \/ Yoast SEO plugin. -->","yoast_head_json":{"title":"Aviso legal - Money Exchange Francia","robots":{"index":"index","follow":"follow","max-snippet":"max-snippet:-1","max-image-preview":"max-image-preview:large","max-video-preview":"max-video-preview:-1"},"canonical":"https:\/\/moneyexchange.fr\/pt-pt\/aviso-legal\/","og_locale":"pt_PT","og_type":"article","og_title":"Aviso legal - Money Exchange Francia","og_url":"https:\/\/moneyexchange.fr\/pt-pt\/aviso-legal\/","og_site_name":"Money Exchange Francia","article_modified_time":"2023-12-07T11:18:51+00:00","twitter_card":"summary_large_image","twitter_misc":{"Tempo estimado de leitura":"7 minutos"},"schema":{"@context":"https:\/\/schema.org","@graph":[{"@type":"WebPage","@id":"https:\/\/moneyexchange.fr\/pt-pt\/aviso-legal\/","url":"https:\/\/moneyexchange.fr\/pt-pt\/aviso-legal\/","name":"Aviso legal - Money Exchange Francia","isPartOf":{"@id":"https:\/\/moneyexchange.fr\/pt-pt\/#website"},"datePublished":"2023-12-05T16:04:06+00:00","dateModified":"2023-12-07T11:18:51+00:00","breadcrumb":{"@id":"https:\/\/moneyexchange.fr\/pt-pt\/aviso-legal\/#breadcrumb"},"inLanguage":"pt-PT","potentialAction":[{"@type":"ReadAction","target":["https:\/\/moneyexchange.fr\/pt-pt\/aviso-legal\/"]}]},{"@type":"BreadcrumbList","@id":"https:\/\/moneyexchange.fr\/pt-pt\/aviso-legal\/#breadcrumb","itemListElement":[{"@type":"ListItem","position":1,"name":"Portada","item":"https:\/\/moneyexchange.fr\/pt-pt\/"},{"@type":"ListItem","position":2,"name":"Aviso legal"}]},{"@type":"WebSite","@id":"https:\/\/moneyexchange.fr\/pt-pt\/#website","url":"https:\/\/moneyexchange.fr\/pt-pt\/","name":"Money Exchange Francia","description":"Env\u00edos y remesas de transferencias internacionales a todo el mundo","potentialAction":[{"@type":"SearchAction","target":{"@type":"EntryPoint","urlTemplate":"https:\/\/moneyexchange.fr\/pt-pt\/?s={search_term_string}"},"query-input":{"@type":"PropertyValueSpecification","valueRequired":true,"valueName":"search_term_string"}}],"inLanguage":"pt-PT"}]}},"jetpack_sharing_enabled":true,"_links":{"self":[{"href":"https:\/\/moneyexchange.fr\/pt-pt\/wp-json\/wp\/v2\/pages\/6845","targetHints":{"allow":["GET"]}}],"collection":[{"href":"https:\/\/moneyexchange.fr\/pt-pt\/wp-json\/wp\/v2\/pages"}],"about":[{"href":"https:\/\/moneyexchange.fr\/pt-pt\/wp-json\/wp\/v2\/types\/page"}],"author":[{"embeddable":true,"href":"https:\/\/moneyexchange.fr\/pt-pt\/wp-json\/wp\/v2\/users\/1"}],"replies":[{"embeddable":true,"href":"https:\/\/moneyexchange.fr\/pt-pt\/wp-json\/wp\/v2\/comments?post=6845"}],"version-history":[{"count":0,"href":"https:\/\/moneyexchange.fr\/pt-pt\/wp-json\/wp\/v2\/pages\/6845\/revisions"}],"wp:attachment":[{"href":"https:\/\/moneyexchange.fr\/pt-pt\/wp-json\/wp\/v2\/media?parent=6845"}],"curies":[{"name":"wp","href":"https:\/\/api.w.org\/{rel}","templated":true}]}}