{"id":6860,"date":"2023-12-05T16:10:39","date_gmt":"2023-12-05T16:10:39","guid":{"rendered":"https:\/\/moneyexchange.fr\/politique-en-matiere-de-cookies\/"},"modified":"2023-12-07T11:22:15","modified_gmt":"2023-12-07T11:22:15","slug":"politique-en-matiere-de-cookies","status":"publish","type":"page","link":"https:\/\/moneyexchange.fr\/fr\/politique-en-matiere-de-cookies\/","title":{"rendered":"Politique en mati\u00e8re de cookies"},"content":{"rendered":"<div class=\"fusion-fullwidth fullwidth-box fusion-builder-row-1 fusion-flex-container has-pattern-background has-mask-background nonhundred-percent-fullwidth non-hundred-percent-height-scrolling\" style=\"--awb-border-radius-top-left:0px;--awb-border-radius-top-right:0px;--awb-border-radius-bottom-right:0px;--awb-border-radius-bottom-left:0px;--awb-flex-wrap:wrap;\" ><div class=\"fusion-builder-row fusion-row fusion-flex-align-items-flex-start fusion-flex-content-wrap\" style=\"max-width:1248px;margin-left: calc(-4% \/ 2 );margin-right: calc(-4% \/ 2 );\"><div class=\"fusion-layout-column fusion_builder_column fusion-builder-column-0 fusion_builder_column_1_1 1_1 fusion-flex-column\" style=\"--awb-bg-size:cover;--awb-width-large:100%;--awb-margin-top-large:0px;--awb-spacing-right-large:1.92%;--awb-margin-bottom-large:20px;--awb-spacing-left-large:1.92%;--awb-width-medium:100%;--awb-order-medium:0;--awb-spacing-right-medium:1.92%;--awb-spacing-left-medium:1.92%;--awb-width-small:100%;--awb-order-small:0;--awb-spacing-right-small:1.92%;--awb-spacing-left-small:1.92%;\"><div class=\"fusion-column-wrapper fusion-column-has-shadow fusion-flex-justify-content-flex-start fusion-content-layout-column\"><div class=\"fusion-text fusion-text-1\"><div class=\"fusion-title title fusion-title-11 fusion-sep-none fusion-title-text fusion-title-size-one\">\n<h1 class=\"fusion-title-heading title-heading-left fusion-responsive-typography-calculated\">Politique en mati\u00e8re de cookies<\/h1>\n<\/div>\n<div class=\"fusion-text fusion-text-10\">\n<p>&nbsp;<\/p>\n<p>Un cookie est un fichier qui est t\u00e9l\u00e9charg\u00e9 sur votre ordinateur lorsque vous acc\u00e9dez \u00e0 certaines pages web. Les cookies permettent \u00e0 un site web, entre autres, de stocker et de r\u00e9cup\u00e9rer des informations sur les habitudes de navigation d&rsquo;un utilisateur ou de son \u00e9quipement et, en fonction des informations qu&rsquo;ils contiennent et de la mani\u00e8re dont son \u00e9quipement est utilis\u00e9, ils peuvent \u00eatre utilis\u00e9s pour reconna\u00eetre l&rsquo;utilisateur.<\/p>\n<p>Toutefois, ces moyens ne permettent d&rsquo;obtenir que des informations relatives au nombre de pages visit\u00e9es, \u00e0 la ville \u00e0 laquelle appartient l&rsquo;adresse IP \u00e0 partir de laquelle l&rsquo;acc\u00e8s est donn\u00e9, au nombre de nouveaux utilisateurs, \u00e0 la fr\u00e9quence et \u00e0 la r\u00e9currence des visites, \u00e0 l&rsquo;heure de la visite, au navigateur ou \u00e0 l&rsquo;op\u00e9rateur ou au type de terminal \u00e0 partir duquel la visite est effectu\u00e9e. En aucun cas des donn\u00e9es ne sont obtenues sur le nom, le pr\u00e9nom ou l&rsquo;adresse postale \u00e0 partir desquels l&rsquo;utilisateur s&rsquo;est connect\u00e9.<\/p>\n<p>Ce site web utilise des cookies techniques et des cookies de personnalisation de l&rsquo;interface utilisateur, qui sont exclus du champ d&rsquo;application de la LSSI et pour lesquels il n&rsquo;est donc pas n\u00e9cessaire d&rsquo;obtenir un consentement pour leur utilisation.<\/p>\n<p>Plus pr\u00e9cis\u00e9ment, les cookies utilis\u00e9s sur ce site web sont les suivants :<\/p>\n<p>&#8211; <strong>_icl_current_language<\/strong> (moneyexchange) : cookie de personnalisation de l&rsquo;interface utilisateur. Ce cookie expire 24 heures apr\u00e8s la derni\u00e8re mise \u00e0 jour et sert \u00e0 g\u00e9rer les langues utilis\u00e9es sur le site web.<\/p>\n<p>&#8211; <strong>viewed_cookie_policy<\/strong> (moneyexchange) : cookie technique. Ce cookie expire un an apr\u00e8s la derni\u00e8re mise \u00e0 jour. Ce cookie g\u00e8re le consentement de l&rsquo;utilisateur \u00e0 l&rsquo;utilisation de cookies sur le site web, afin d&rsquo;\u00e9viter les inconv\u00e9nients excessifs qui peuvent \u00eatre caus\u00e9s par l&rsquo;affichage r\u00e9p\u00e9t\u00e9 d&rsquo;informations sur la politique en mati\u00e8re de cookies \u00e0 ceux qui l&rsquo;ont accept\u00e9e.<\/p>\n<p>Les cookies peuvent \u00eatre autoris\u00e9s, bloqu\u00e9s ou supprim\u00e9s sur votre ordinateur en configurant les options de votre navigateur. Vous trouverez des informations sur la mani\u00e8re de proc\u00e9der, en relation avec les navigateurs les plus courants, dans les liens ci-dessous :<\/p>\n<p><strong>Explorer :<\/strong> <a href=\"http:\/\/windows.microsoft.com\/es-es\/windows7\/how-to-manage-cookies-in-internet-explorer-9\" target=\"_blank\" rel=\"noopener\">http:\/\/windows.microsoft.com\/es-es\/windows7\/how-to-manage-cookies-in-internet-explorer-9<\/a><br \/>\n<strong>Firefox :<\/strong> <a href=\"https:\/\/support.mozilla.org\/es\/kb\/habilitar-y-deshabilitar-cookies-que-los-sitios-we\" target=\"_blank\" rel=\"noopener\">https:\/\/support.mozilla.org\/es\/kb\/habilitar-y-deshabilitar-cookies-que-los-sitios-we<\/a><br \/>\n<strong>Chrome :<\/strong> <a href=\"https:\/\/support.google.com\/chrome\/bin\/answer.py?hl=es&amp;answer=95647\" target=\"_blank\" rel=\"noopener\">http:\/\/support.google.com\/chrome\/bin\/answer.py?hl=es&amp;answer=95647<\/a><br \/>\n<strong>Safari :<\/strong> <a href=\"http:\/\/support.apple.com\/kb\/ph5042\" target=\"_blank\" rel=\"noopener\">http:\/\/support.apple.com\/kb\/ph5042<\/a><\/p>\n<p>Nous vous informons toutefois de la possibilit\u00e9 que la d\u00e9sactivation d&rsquo;un cookie puisse emp\u00eacher ou g\u00eaner la navigation ou la fourniture des services offerts sur le site.<\/p>\n<\/div>\n<\/div><\/div><\/div><\/div><\/div>\n","protected":false},"excerpt":{"rendered":"","protected":false},"author":1,"featured_media":0,"parent":0,"menu_order":0,"comment_status":"closed","ping_status":"closed","template":"100-width.php","meta":{"footnotes":""},"class_list":["post-6860","page","type-page","status-publish","hentry"],"yoast_head":"<!-- This site is optimized with the Yoast SEO plugin v25.1 - https:\/\/yoast.com\/wordpress\/plugins\/seo\/ -->\n<title>Politique en mati\u00e8re de cookies - Money Exchange Francia<\/title>\n<meta name=\"robots\" content=\"index, follow, max-snippet:-1, max-image-preview:large, max-video-preview:-1\" \/>\n<link rel=\"canonical\" href=\"https:\/\/moneyexchange.fr\/fr\/politique-en-matiere-de-cookies\/\" \/>\n<meta property=\"og:locale\" content=\"fr_FR\" \/>\n<meta property=\"og:type\" content=\"article\" \/>\n<meta property=\"og:title\" content=\"Politique en mati\u00e8re de cookies - Money Exchange Francia\" \/>\n<meta property=\"og:url\" content=\"https:\/\/moneyexchange.fr\/fr\/politique-en-matiere-de-cookies\/\" \/>\n<meta property=\"og:site_name\" content=\"Money Exchange Francia\" \/>\n<meta property=\"article:modified_time\" content=\"2023-12-07T11:22:15+00:00\" \/>\n<meta name=\"twitter:card\" content=\"summary_large_image\" \/>\n<meta name=\"twitter:label1\" content=\"Dur\u00e9e de lecture estim\u00e9e\" \/>\n\t<meta name=\"twitter:data1\" content=\"5 minutes\" \/>\n<script type=\"application\/ld+json\" class=\"yoast-schema-graph\">{\"@context\":\"https:\/\/schema.org\",\"@graph\":[{\"@type\":\"WebPage\",\"@id\":\"https:\/\/moneyexchange.fr\/fr\/politique-en-matiere-de-cookies\/\",\"url\":\"https:\/\/moneyexchange.fr\/fr\/politique-en-matiere-de-cookies\/\",\"name\":\"Politique en mati\u00e8re de cookies - Money Exchange Francia\",\"isPartOf\":{\"@id\":\"https:\/\/moneyexchange.fr\/fr\/#website\"},\"datePublished\":\"2023-12-05T16:10:39+00:00\",\"dateModified\":\"2023-12-07T11:22:15+00:00\",\"breadcrumb\":{\"@id\":\"https:\/\/moneyexchange.fr\/fr\/politique-en-matiere-de-cookies\/#breadcrumb\"},\"inLanguage\":\"fr-FR\",\"potentialAction\":[{\"@type\":\"ReadAction\",\"target\":[\"https:\/\/moneyexchange.fr\/fr\/politique-en-matiere-de-cookies\/\"]}]},{\"@type\":\"BreadcrumbList\",\"@id\":\"https:\/\/moneyexchange.fr\/fr\/politique-en-matiere-de-cookies\/#breadcrumb\",\"itemListElement\":[{\"@type\":\"ListItem\",\"position\":1,\"name\":\"Portada\",\"item\":\"https:\/\/moneyexchange.fr\/fr\/\"},{\"@type\":\"ListItem\",\"position\":2,\"name\":\"Politique en mati\u00e8re de cookies\"}]},{\"@type\":\"WebSite\",\"@id\":\"https:\/\/moneyexchange.fr\/fr\/#website\",\"url\":\"https:\/\/moneyexchange.fr\/fr\/\",\"name\":\"Money Exchange Francia\",\"description\":\"Env\u00edos y remesas de transferencias internacionales a todo el mundo\",\"potentialAction\":[{\"@type\":\"SearchAction\",\"target\":{\"@type\":\"EntryPoint\",\"urlTemplate\":\"https:\/\/moneyexchange.fr\/fr\/?s={search_term_string}\"},\"query-input\":{\"@type\":\"PropertyValueSpecification\",\"valueRequired\":true,\"valueName\":\"search_term_string\"}}],\"inLanguage\":\"fr-FR\"}]}<\/script>\n<!-- \/ Yoast SEO plugin. -->","yoast_head_json":{"title":"Politique en mati\u00e8re de cookies - Money Exchange Francia","robots":{"index":"index","follow":"follow","max-snippet":"max-snippet:-1","max-image-preview":"max-image-preview:large","max-video-preview":"max-video-preview:-1"},"canonical":"https:\/\/moneyexchange.fr\/fr\/politique-en-matiere-de-cookies\/","og_locale":"fr_FR","og_type":"article","og_title":"Politique en mati\u00e8re de cookies - Money Exchange Francia","og_url":"https:\/\/moneyexchange.fr\/fr\/politique-en-matiere-de-cookies\/","og_site_name":"Money Exchange Francia","article_modified_time":"2023-12-07T11:22:15+00:00","twitter_card":"summary_large_image","twitter_misc":{"Dur\u00e9e de lecture estim\u00e9e":"5 minutes"},"schema":{"@context":"https:\/\/schema.org","@graph":[{"@type":"WebPage","@id":"https:\/\/moneyexchange.fr\/fr\/politique-en-matiere-de-cookies\/","url":"https:\/\/moneyexchange.fr\/fr\/politique-en-matiere-de-cookies\/","name":"Politique en mati\u00e8re de cookies - Money Exchange Francia","isPartOf":{"@id":"https:\/\/moneyexchange.fr\/fr\/#website"},"datePublished":"2023-12-05T16:10:39+00:00","dateModified":"2023-12-07T11:22:15+00:00","breadcrumb":{"@id":"https:\/\/moneyexchange.fr\/fr\/politique-en-matiere-de-cookies\/#breadcrumb"},"inLanguage":"fr-FR","potentialAction":[{"@type":"ReadAction","target":["https:\/\/moneyexchange.fr\/fr\/politique-en-matiere-de-cookies\/"]}]},{"@type":"BreadcrumbList","@id":"https:\/\/moneyexchange.fr\/fr\/politique-en-matiere-de-cookies\/#breadcrumb","itemListElement":[{"@type":"ListItem","position":1,"name":"Portada","item":"https:\/\/moneyexchange.fr\/fr\/"},{"@type":"ListItem","position":2,"name":"Politique en mati\u00e8re de cookies"}]},{"@type":"WebSite","@id":"https:\/\/moneyexchange.fr\/fr\/#website","url":"https:\/\/moneyexchange.fr\/fr\/","name":"Money Exchange Francia","description":"Env\u00edos y remesas de transferencias internacionales a todo el mundo","potentialAction":[{"@type":"SearchAction","target":{"@type":"EntryPoint","urlTemplate":"https:\/\/moneyexchange.fr\/fr\/?s={search_term_string}"},"query-input":{"@type":"PropertyValueSpecification","valueRequired":true,"valueName":"search_term_string"}}],"inLanguage":"fr-FR"}]}},"jetpack_sharing_enabled":true,"_links":{"self":[{"href":"https:\/\/moneyexchange.fr\/fr\/wp-json\/wp\/v2\/pages\/6860","targetHints":{"allow":["GET"]}}],"collection":[{"href":"https:\/\/moneyexchange.fr\/fr\/wp-json\/wp\/v2\/pages"}],"about":[{"href":"https:\/\/moneyexchange.fr\/fr\/wp-json\/wp\/v2\/types\/page"}],"author":[{"embeddable":true,"href":"https:\/\/moneyexchange.fr\/fr\/wp-json\/wp\/v2\/users\/1"}],"replies":[{"embeddable":true,"href":"https:\/\/moneyexchange.fr\/fr\/wp-json\/wp\/v2\/comments?post=6860"}],"version-history":[{"count":0,"href":"https:\/\/moneyexchange.fr\/fr\/wp-json\/wp\/v2\/pages\/6860\/revisions"}],"wp:attachment":[{"href":"https:\/\/moneyexchange.fr\/fr\/wp-json\/wp\/v2\/media?parent=6860"}],"curies":[{"name":"wp","href":"https:\/\/api.w.org\/{rel}","templated":true}]}}