{"id":6847,"date":"2023-12-05T16:04:06","date_gmt":"2023-12-05T16:04:06","guid":{"rendered":"https:\/\/moneyexchange.fr\/avis-juridique\/"},"modified":"2023-12-07T11:19:48","modified_gmt":"2023-12-07T11:19:48","slug":"avis-juridique","status":"publish","type":"page","link":"https:\/\/moneyexchange.fr\/fr\/avis-juridique\/","title":{"rendered":"Avis juridique"},"content":{"rendered":"<div class=\"fusion-fullwidth fullwidth-box fusion-builder-row-1 fusion-flex-container has-pattern-background has-mask-background nonhundred-percent-fullwidth non-hundred-percent-height-scrolling\" style=\"--awb-border-radius-top-left:0px;--awb-border-radius-top-right:0px;--awb-border-radius-bottom-right:0px;--awb-border-radius-bottom-left:0px;--awb-flex-wrap:wrap;\" ><div class=\"fusion-builder-row fusion-row fusion-flex-align-items-flex-start fusion-flex-content-wrap\" style=\"max-width:1248px;margin-left: calc(-4% \/ 2 );margin-right: calc(-4% \/ 2 );\"><div class=\"fusion-layout-column fusion_builder_column fusion-builder-column-0 fusion_builder_column_1_1 1_1 fusion-flex-column\" style=\"--awb-bg-size:cover;--awb-width-large:100%;--awb-margin-top-large:0px;--awb-spacing-right-large:1.92%;--awb-margin-bottom-large:20px;--awb-spacing-left-large:1.92%;--awb-width-medium:100%;--awb-order-medium:0;--awb-spacing-right-medium:1.92%;--awb-spacing-left-medium:1.92%;--awb-width-small:100%;--awb-order-small:0;--awb-spacing-right-small:1.92%;--awb-spacing-left-small:1.92%;\"><div class=\"fusion-column-wrapper fusion-column-has-shadow fusion-flex-justify-content-flex-start fusion-content-layout-column\"><div class=\"fusion-text fusion-text-1\"><p><h2 class=\"wp-block-heading\" style=\"--fontsize: 54; line-height: 1.14;\" data-fontsize=\"54\" data-lineheight=\"61.56px\">Qui sommes-nous ?<\/h2>\n<\/p>\n<p><p style=\"font-size: 16px;\" data-fusion-font=\"true\">Ce site Internet est la propri\u00e9t\u00e9 de Money Exchange France (ci-apr\u00e8s d\u00e9nomm\u00e9 MONEY EXCHANGE).<\/p>\n<p style=\"font-size: 16px;\" data-fusion-font=\"true\">&#8211; Inscrit au Registre du Commerce et des Soci\u00e9t\u00e9s de Paris<\/p>\n<p style=\"font-size: 16px;\" data-fusion-font=\"true\">&#8211; Si\u00e8ge social : <\/p>\n<p style=\"font-size: 16px;\" data-fusion-font=\"true\">&#8211; Adresse \u00e9lectronique : <\/p>\n<p style=\"font-size: 16px;\" data-fusion-font=\"true\">&#8211; T\u00e9l\u00e9phone : <\/p>\n<p style=\"font-size: 16px;\" data-fusion-font=\"true\">&#8211; Money Exchange France est un \u00e9tablissement de paiement enregistr\u00e9 en France. <\/p>\n<p style=\"font-size: 16px;\" data-fusion-font=\"true\"><span style=\"color: var(--h2_typography-color); font-family: var(--h2_typography-font-family); font-size: var(--h2_typography-font-size); font-style: var(--h2_typography-font-style,normal); font-weight: var(--h2_typography-font-weight); letter-spacing: var(--h2_typography-letter-spacing); text-transform: var(--h2_typography-text-transform); text-align: var(--awb-content-alignment); background-color: var(--awb-bg-color-hover);\">Avis juridique<\/span><\/p>\n<\/p>\n<p><p>1.- L&rsquo;utilisation de ce site web attribue la condition d&rsquo;Utilisateur \u00e0 la personne qui le fait et implique l&rsquo;acceptation de toutes les conditions incluses dans le pr\u00e9sent avis juridique. L&rsquo;utilisateur doit lire ces conditions chaque fois qu&rsquo;il acc\u00e8de \u00e0 ce site Web, car elles peuvent \u00eatre modifi\u00e9es \u00e0 l&rsquo;avenir. Certains aspects de ce site Web, en raison de leur sp\u00e9cificit\u00e9, peuvent \u00eatre soumis \u00e0 des conditions ou r\u00e8gles particuli\u00e8res qui peuvent remplacer, compl\u00e9ter ou modifier le pr\u00e9sent avis juridique, et doivent donc \u00eatre \u00e9galement accept\u00e9es par l&rsquo;utilisateur qui les utilise ou y acc\u00e8de.<\/p>\n<p>2.- Tous les contenus de ce site web (textes, photographies, graphiques, images, technologie, logiciels, liens, contenus audiovisuels ou sonores, conception graphique, code source, etc.), ainsi que les marques et autres signes distinctifs sont la propri\u00e9t\u00e9 de MONEY EXCHANGE ou de tiers, et l&rsquo;utilisateur n&rsquo;acquiert aucun droit sur ceux-ci par la simple utilisation de ce site web.<\/p>\n<p>L&rsquo;utilisateur s&rsquo;abstient de : a) reproduire, copier, distribuer, mettre \u00e0 disposition de tiers, communiquer publiquement, transformer ou modifier le contenu de ce site web, sauf dans les cas pr\u00e9vus par la loi ou express\u00e9ment autoris\u00e9s par MONEY EXCHANGE ou par le titulaire desdits droits ; b) reproduire ou copier pour un usage priv\u00e9 les logiciels, images, vid\u00e9os ou bases de donn\u00e9es de ce site, ainsi que les communiquer publiquement ou les mettre \u00e0 la disposition de tiers lorsque cela implique leur reproduction ; c) extraire ou r\u00e9utiliser le contenu de ce site web.<\/p>\n<p>3.- Les utilisateurs qui souhaitent cr\u00e9er des liens vers ce site web \u00e0 partir de leurs propres pages web sont tenus de respecter les conditions suivantes : (a) le lien ne renvoie qu&rsquo;\u00e0 la page d&rsquo;accueil et ne peut la reproduire sous quelque forme que ce soit ; b) les cadres ou trames de toute nature qui entourent le site Web ou permettent de le visualiser \u00e0 travers diff\u00e9rentes adresses Internet ou avec un contenu ext\u00e9rieur \u00e0 ce site Web, d&rsquo;une mani\u00e8re qui produit ou peut produire une erreur ou une confusion chez les utilisateurs quant \u00e0 l&rsquo;origine du service ou de son contenu, implique un acte de comparaison d\u00e9loyale ou d&rsquo;imitation, sert \u00e0 tirer profit de la r\u00e9putation, de la marque et du prestige de MONEY EXCHANGE ou est fait de toute autre mani\u00e8re interdite par la loi, ne peuvent pas \u00eatre \u00e9tablis ; c) aucune d\u00e9claration fausse ou inexacte de quelque nature que ce soit ne peut \u00eatre faite sur MONEY EXCHANGE ou sur la qualit\u00e9 de ses produits et services \u00e0 partir de la page qui \u00e9tablit le lien ; d) L&rsquo;exp\u00e9diteur ne peut pas utiliser la marque de MONEY EXCHANGE ou tout autre signe distinctif dans sa page web, sauf dans les cas autoris\u00e9s par la loi ou express\u00e9ment autoris\u00e9s par MONEY EXCHANGE ; e) la page qui \u00e9tablit le lien doit \u00eatre conforme \u00e0 la l\u00e9gislation en vigueur et ne peut pas avoir ou \u00e9tablir un lien vers un contenu illicite, nuisible, contraire \u00e0 la morale et aux bonnes coutumes, qui produit ou pourrait produire la fausse id\u00e9e que MONEY EXCHANGE approuve ou soutient les id\u00e9es, les d\u00e9clarations ou les actions de l&rsquo;exp\u00e9diteur ou qui sont inappropri\u00e9es par rapport \u00e0 l&rsquo;activit\u00e9 men\u00e9e par MONEY EXCHANGE, en tenant compte du contenu et du sujet g\u00e9n\u00e9ral de la page web o\u00f9 le lien est \u00e9tabli.<\/p>\n<p>4.- MONEY EXCHANGE n&rsquo;est pas responsable de la v\u00e9rification de l&rsquo;absence de programmes malveillants ou de tout autre \u00e9l\u00e9ment informatique nuisible sur ce site web. Il appartient \u00e0 l&rsquo;utilisateur, dans tous les cas, de disposer d&rsquo;outils ad\u00e9quats pour la d\u00e9tection et la d\u00e9sinfection de ces \u00e9l\u00e9ments. En cons\u00e9quence, MONEY EXCHANGE n&rsquo;est pas responsable des dommages caus\u00e9s aux \u00e9quipements informatiques lors de l&rsquo;acc\u00e8s \u00e0 ce site. De m\u00eame, MONEY EXCHANGE ne sera pas responsable des dommages caus\u00e9s aux utilisateurs lorsque ces dommages sont caus\u00e9s par des d\u00e9fauts ou des d\u00e9connexions dans les r\u00e9seaux de t\u00e9l\u00e9communications qui interrompent le service de ce site Web.<\/p>\n<p>5.- Ce site peut contenir des liens qui permettent \u00e0 l&rsquo;utilisateur d&rsquo;acc\u00e9der \u00e0 d&rsquo;autres pages Internet. Dans ces cas, MONEY EXCHANGE ne sera responsable des contenus et services fournis \u00e0 travers les liens qu&rsquo;\u00e0 partir du moment o\u00f9 il a connaissance de leur ill\u00e9galit\u00e9 et qu&rsquo;il ne les a pas d\u00e9sactiv\u00e9s avec diligence. Si un Utilisateur consid\u00e8re qu&rsquo;il existe un lien avec un contenu ill\u00e9gal ou inappropri\u00e9, il peut en informer MONEY EXCHANGE, sans que cela implique que MONEY EXCHANGE soit oblig\u00e9 de supprimer le lien correspondant. MONEY EXCHANGE n&rsquo;est pas toujours au courant du contenu et des services des liens et ne peut donc pas \u00eatre tenu responsable de tout dommage r\u00e9sultant de leur manque de qualit\u00e9, de leur caract\u00e8re obsol\u00e8te, de leur indisponibilit\u00e9, de leur erreur, de leur inutilit\u00e9 ou de leur ill\u00e9galit\u00e9, et n&rsquo;est pas responsable des d\u00e9clarations faites ou du contenu ou des services fournis par leur interm\u00e9diaire, \u00e0 moins qu&rsquo;il ne soit directement responsable de la fourniture de ces services.<\/p>\n<p>6.- L&rsquo;utilisateur s&rsquo;engage \u00e0 faire un usage correct de ce site Web conform\u00e9ment \u00e0 la loi, au pr\u00e9sent avis juridique et aux autres conditions, r\u00e8glements et instructions qui, le cas \u00e9ch\u00e9ant, peuvent \u00eatre applicables. L&rsquo;Utilisateur sera responsable envers MONEY EXCHANGE et envers les tiers de tout dommage qui pourrait \u00eatre caus\u00e9 par l&rsquo;inex\u00e9cution de ces obligations.<\/p>\n<p>7.- Le pr\u00e9sent avis juridique est r\u00e9gi dans son int\u00e9gralit\u00e9 par le droit allemand. Pour la r\u00e9solution de tout litige relatif \u00e0 l&rsquo;interpr\u00e9tation ou \u00e0 l&rsquo;application des pr\u00e9sentes mentions l\u00e9gales, l&rsquo;utilisateur se soumet express\u00e9ment \u00e0 la comp\u00e9tence des tribunaux de &#8212;.<\/p><\/p>\n<\/div><\/div><\/div><\/div><\/div>\n","protected":false},"excerpt":{"rendered":"","protected":false},"author":1,"featured_media":0,"parent":0,"menu_order":0,"comment_status":"closed","ping_status":"closed","template":"100-width.php","meta":{"footnotes":""},"class_list":["post-6847","page","type-page","status-publish","hentry"],"yoast_head":"<!-- This site is optimized with the Yoast SEO plugin v25.1 - https:\/\/yoast.com\/wordpress\/plugins\/seo\/ -->\n<title>Avis juridique - Money Exchange Francia<\/title>\n<meta name=\"robots\" content=\"index, follow, max-snippet:-1, max-image-preview:large, max-video-preview:-1\" \/>\n<link rel=\"canonical\" href=\"https:\/\/moneyexchange.fr\/fr\/avis-juridique\/\" \/>\n<meta property=\"og:locale\" content=\"fr_FR\" \/>\n<meta property=\"og:type\" content=\"article\" \/>\n<meta property=\"og:title\" content=\"Avis juridique - Money Exchange Francia\" \/>\n<meta property=\"og:url\" content=\"https:\/\/moneyexchange.fr\/fr\/avis-juridique\/\" \/>\n<meta property=\"og:site_name\" content=\"Money Exchange Francia\" \/>\n<meta property=\"article:modified_time\" content=\"2023-12-07T11:19:48+00:00\" \/>\n<meta name=\"twitter:card\" content=\"summary_large_image\" \/>\n<meta name=\"twitter:label1\" content=\"Dur\u00e9e de lecture estim\u00e9e\" \/>\n\t<meta name=\"twitter:data1\" content=\"7 minutes\" \/>\n<script type=\"application\/ld+json\" class=\"yoast-schema-graph\">{\"@context\":\"https:\/\/schema.org\",\"@graph\":[{\"@type\":\"WebPage\",\"@id\":\"https:\/\/moneyexchange.fr\/fr\/avis-juridique\/\",\"url\":\"https:\/\/moneyexchange.fr\/fr\/avis-juridique\/\",\"name\":\"Avis juridique - Money Exchange Francia\",\"isPartOf\":{\"@id\":\"https:\/\/moneyexchange.fr\/fr\/#website\"},\"datePublished\":\"2023-12-05T16:04:06+00:00\",\"dateModified\":\"2023-12-07T11:19:48+00:00\",\"breadcrumb\":{\"@id\":\"https:\/\/moneyexchange.fr\/fr\/avis-juridique\/#breadcrumb\"},\"inLanguage\":\"fr-FR\",\"potentialAction\":[{\"@type\":\"ReadAction\",\"target\":[\"https:\/\/moneyexchange.fr\/fr\/avis-juridique\/\"]}]},{\"@type\":\"BreadcrumbList\",\"@id\":\"https:\/\/moneyexchange.fr\/fr\/avis-juridique\/#breadcrumb\",\"itemListElement\":[{\"@type\":\"ListItem\",\"position\":1,\"name\":\"Portada\",\"item\":\"https:\/\/moneyexchange.fr\/fr\/\"},{\"@type\":\"ListItem\",\"position\":2,\"name\":\"Avis juridique\"}]},{\"@type\":\"WebSite\",\"@id\":\"https:\/\/moneyexchange.fr\/fr\/#website\",\"url\":\"https:\/\/moneyexchange.fr\/fr\/\",\"name\":\"Money Exchange Francia\",\"description\":\"Env\u00edos y remesas de transferencias internacionales a todo el mundo\",\"potentialAction\":[{\"@type\":\"SearchAction\",\"target\":{\"@type\":\"EntryPoint\",\"urlTemplate\":\"https:\/\/moneyexchange.fr\/fr\/?s={search_term_string}\"},\"query-input\":{\"@type\":\"PropertyValueSpecification\",\"valueRequired\":true,\"valueName\":\"search_term_string\"}}],\"inLanguage\":\"fr-FR\"}]}<\/script>\n<!-- \/ Yoast SEO plugin. -->","yoast_head_json":{"title":"Avis juridique - Money Exchange Francia","robots":{"index":"index","follow":"follow","max-snippet":"max-snippet:-1","max-image-preview":"max-image-preview:large","max-video-preview":"max-video-preview:-1"},"canonical":"https:\/\/moneyexchange.fr\/fr\/avis-juridique\/","og_locale":"fr_FR","og_type":"article","og_title":"Avis juridique - Money Exchange Francia","og_url":"https:\/\/moneyexchange.fr\/fr\/avis-juridique\/","og_site_name":"Money Exchange Francia","article_modified_time":"2023-12-07T11:19:48+00:00","twitter_card":"summary_large_image","twitter_misc":{"Dur\u00e9e de lecture estim\u00e9e":"7 minutes"},"schema":{"@context":"https:\/\/schema.org","@graph":[{"@type":"WebPage","@id":"https:\/\/moneyexchange.fr\/fr\/avis-juridique\/","url":"https:\/\/moneyexchange.fr\/fr\/avis-juridique\/","name":"Avis juridique - Money Exchange Francia","isPartOf":{"@id":"https:\/\/moneyexchange.fr\/fr\/#website"},"datePublished":"2023-12-05T16:04:06+00:00","dateModified":"2023-12-07T11:19:48+00:00","breadcrumb":{"@id":"https:\/\/moneyexchange.fr\/fr\/avis-juridique\/#breadcrumb"},"inLanguage":"fr-FR","potentialAction":[{"@type":"ReadAction","target":["https:\/\/moneyexchange.fr\/fr\/avis-juridique\/"]}]},{"@type":"BreadcrumbList","@id":"https:\/\/moneyexchange.fr\/fr\/avis-juridique\/#breadcrumb","itemListElement":[{"@type":"ListItem","position":1,"name":"Portada","item":"https:\/\/moneyexchange.fr\/fr\/"},{"@type":"ListItem","position":2,"name":"Avis juridique"}]},{"@type":"WebSite","@id":"https:\/\/moneyexchange.fr\/fr\/#website","url":"https:\/\/moneyexchange.fr\/fr\/","name":"Money Exchange Francia","description":"Env\u00edos y remesas de transferencias internacionales a todo el mundo","potentialAction":[{"@type":"SearchAction","target":{"@type":"EntryPoint","urlTemplate":"https:\/\/moneyexchange.fr\/fr\/?s={search_term_string}"},"query-input":{"@type":"PropertyValueSpecification","valueRequired":true,"valueName":"search_term_string"}}],"inLanguage":"fr-FR"}]}},"jetpack_sharing_enabled":true,"_links":{"self":[{"href":"https:\/\/moneyexchange.fr\/fr\/wp-json\/wp\/v2\/pages\/6847","targetHints":{"allow":["GET"]}}],"collection":[{"href":"https:\/\/moneyexchange.fr\/fr\/wp-json\/wp\/v2\/pages"}],"about":[{"href":"https:\/\/moneyexchange.fr\/fr\/wp-json\/wp\/v2\/types\/page"}],"author":[{"embeddable":true,"href":"https:\/\/moneyexchange.fr\/fr\/wp-json\/wp\/v2\/users\/1"}],"replies":[{"embeddable":true,"href":"https:\/\/moneyexchange.fr\/fr\/wp-json\/wp\/v2\/comments?post=6847"}],"version-history":[{"count":0,"href":"https:\/\/moneyexchange.fr\/fr\/wp-json\/wp\/v2\/pages\/6847\/revisions"}],"wp:attachment":[{"href":"https:\/\/moneyexchange.fr\/fr\/wp-json\/wp\/v2\/media?parent=6847"}],"curies":[{"name":"wp","href":"https:\/\/api.w.org\/{rel}","templated":true}]}}